{"id":1339,"date":"2025-01-29T11:18:13","date_gmt":"2025-01-29T11:18:13","guid":{"rendered":"https:\/\/rcdmallorcasportclinic.com\/avis-legal\/"},"modified":"2025-03-11T12:47:02","modified_gmt":"2025-03-11T12:47:02","slug":"avis-legal","status":"publish","type":"page","link":"https:\/\/rcdmallorcasportclinic.com\/ca\/avis-legal\/","title":{"rendered":"Av\u00eds legal"},"content":{"rendered":"\t\t<div data-elementor-type=\"wp-page\" data-elementor-id=\"1339\" class=\"elementor elementor-1339 elementor-14\" data-elementor-post-type=\"page\">\n\t\t\t\t<div class=\"elementor-element elementor-element-272030e e-flex e-con-boxed e-con e-parent\" data-id=\"272030e\" data-element_type=\"container\" data-e-type=\"container\" data-settings=\"{&quot;jet_parallax_layout_list&quot;:[]}\">\n\t\t\t\t\t<div class=\"e-con-inner\">\n\t\t\t\t<div class=\"elementor-element elementor-element-52aaf8a elementor-widget elementor-widget-text-editor\" data-id=\"52aaf8a\" data-element_type=\"widget\" data-e-type=\"widget\" data-widget_type=\"text-editor.default\">\n\t\t\t\t<div class=\"elementor-widget-container\">\n\t\t\t\t\t\t\t\t\t<p><strong>1.- Informaci\u00f3 general.-<\/strong><\/p><p>En compliment de l&#8217;article 10 de la Llei 34\/2002, d&#8217;11 de juliol, de Serveis de la Societat de la Informaci\u00f3 i Comer\u00e7 Electr\u00f2nic (LSSICE), aquest Lloc Web, \u00e9s titularitat de Reial Club Esportiu Mallorca SAD amb domicili al C\/ Cam\u00ed dels Reis s\/n de Palma de Mallorca, inscrita al Registre Mercantil inscrita al Registre1 PM-5.583 i prove\u00efda de NIF A-07.323.736 i adre\u00e7a de correu electr\u00f2nic <a href=\"mailto:datos@rcdmallorca.es\">datos@rcdmallorca.es<\/a> . En cas de contractaci\u00f3 on line, qualsevol consumidor i usuari pot interposar les seves queixes i reclamacions o sol\u00b7licitar informaci\u00f3 sobre els b\u00e9ns o serveis oferts o contractats pels mitjans esmentats. <\/p><p>En utilitzar aquest lloc web aix\u00ed com qualssevol subdominis, microsites i\/o subapartats continguts en aquest, s&#8217;entendr\u00e0 que vost\u00e8 ha llegit, ent\u00e8s i acceptat, sense cap limitaci\u00f3 ni reserva, les condicions d&#8217;\u00fas recollides en aquest Av\u00eds Legal aix\u00ed com la Pol\u00edtica de Privadesa que est\u00e0 a la seva disposici\u00f3 en aquest mateix lloc web i la lectura del qual us recomanem expressament que es trobe publicada en el moment d&#8217;acc\u00e9s.<\/p><p>REIAL CLUB ESPORTIU MALLORCA SAD. es reserva el dret de modificar els termes i condicions que apareixen en aquest lloc web aix\u00ed com ampliar continguts, informacions, etc, en qualsevol moment i sense av\u00eds previ i, per tant, aconsella la seva consulta amb una periodicitat raonable per si s&#8217;hi produeixen canvis. <\/p><p><strong>1.2.- Idioma.-<\/strong><\/p><p>En cas que tradu\u00efm aquest Av\u00eds Legal, la nostra Pol\u00edtica de privadesa, o qualssevol altres normes d&#8217;\u00fas, pol\u00edtiques i procediments que es puguin publicar cada cert temps en aquest lloc web, si hi ha discrep\u00e0ncia entre la versi\u00f3 en espanyol i una versi\u00f3 tradu\u00efda, prevaldr\u00e0 la versi\u00f3 en espanyol.<\/p><p><strong>2.- Drets de propietat intel\u00b7lectual i\/o industrial<\/strong><\/p><p>El titular del contingut i dels elements que conformen aquest Lloc Web \u00e9s, REAL CLUB ESPORTIU MALLORCA SAD pertanyent-li en conseq\u00fc\u00e8ncia la propietat intel\u00b7lectual i industrial del mateix i en particular de tots els codis font, textos, imatges, disseny, logos, programes inform\u00e0tics, animacions, bases de dades, marques, nom comercial o signe distintiu, s\u00f3n. Aquesta enumeraci\u00f3 no constitueix una llista tancada sin\u00f3 exemplificativa i aquests elements es troben degudament protegits de conformitat amb la normativa espanyola i internacional sobre propietat intel\u00b7lectual i industrial. <\/p><p>L&#8217;Usuari s&#8217;obliga a fer servir els continguts de manera diligent i correcta, d&#8217;acord amb la llei, la moral i l&#8217;ordre p\u00fablic. REAL CLUB ESPORTIU MALLORCA SAD autoritza a l&#8217;Usuari per visualitzar la informaci\u00f3 que es cont\u00e9 en aquest lloc web, aix\u00ed com per efectuar reproduccions privades (simple activitat de desc\u00e0rrega i emmagatzematge en els seus sistemes inform\u00e0tics), sempre que els elements siguin destinats \u00fanicament a l&#8217;\u00fas personal, aix\u00ed com la seva utilitzaci\u00f3 exclusivament amb fins period\u00edstic, sempre que, en ambd\u00f3s casos, o Web pertanyent a REAL CLUB ESPORTIU MALLORCA SAD quedant prohibit de manera expressa qualsevol tipus d&#8217;utilitzaci\u00f3 esbiaixada i contr\u00e0ria a la seva naturalesa. <\/p><p>Es prohibeix, fora de les finalitats establertes expressament en el par\u00e0graf anterior, la utilitzaci\u00f3 del contingut del Lloc Web, i la seva distribuci\u00f3, modificaci\u00f3, cessi\u00f3 a tercers, aix\u00ed com la reproducci\u00f3, transformaci\u00f3 o comunicaci\u00f3 p\u00fablica, mitjan\u00e7ant qualsevol mitj\u00e0 i tecnologia, requerint-se per aix\u00f2 el consentiment previ i expr\u00e9s de REAL CLUB ESPORTIU MALLORCA .<\/p><p>No obstant aix\u00f2, es permet la utilitzaci\u00f3 d&#8217;aquest lloc web sempre que es respecti la integritat del mateix i s&#8217;identifiquin que la font origin\u00e0ria ha estat el present lloc web pertanyent a REAL CLUB ESPORTIU MALLORCA SAD, quedant prohibit de manera expressa qualsevol tipus d&#8217;utilitzaci\u00f3 esbiaixada i contr\u00e0ria a la seva naturalesa.<\/p><p>REIAL CLUB ESPORTIU MALLORCA, SAD es reserva l&#8217;exercici de les accions legals oportunes en defensa dels seus drets.<\/p><p><strong>Publicitat:<\/strong> El Lloc web pot acollir continguts publicitaris o estar patrocinat. Els anunciants i patrocinadors s\u00f3n els \u00fanics responsables d&#8217;assegurar-se que el material rem\u00e8s per a la seva inclusi\u00f3 al Lloc web compleix les lleis i els consentiments que en cada cas puguin ser aplicables. El titular del web no ser\u00e0 responsable de qualsevol error, inexactitud o irregularitat que puguin contenir els continguts publicitaris o dels patrocinadors. Tampoc ser\u00e0 responsable de danys a la sensibilitat que el material publicitari o altre material pugui causar als usuaris o visitants del web.   <\/p><p><strong>3.- Contrasenyes i zona privada<\/strong><\/p><p>En els sup\u00f2sits en qu\u00e8 procedeixi a remetre-li identificador i\/o contrasenya d&#8217;acc\u00e9s a determinats serveis, l&#8217;usuari haur\u00e0 de mantenir-los sota la seva exclusiva responsabilitat en la m\u00e9s estricta i absoluta confidencialitat i secret, haur\u00e0 de procedir a la seva cust\u00f2dia, \u00fas i preservaci\u00f3 de manera diligent, prohibint-se de manera expressa la seva cessi\u00f3 a tercers, resultant responsabilitat de l&#8217;usuari, i titular del Lloc Web com per a la resta dusuaris. En cas de robatori, p\u00e8rdua o \u00fas o acc\u00e9s no autoritzat de l&#8217;identificador i\/o contrasenya, l&#8217;usuari haur\u00e0 de comunicar-ho de forma immediata a REAL CLUB ESPORTIU MALLORCA, SAD per a l&#8217;adopci\u00f3 de les mesures oportunes, sent responsabilitat de l&#8217;usuari els danys que es poguessin irrogar tant a REAL CLUB ESPORTIU MALLORCA, S. <\/p><p>REAL CLUB ESPORTIU MALLORCA, SAD no ser\u00e0 responsable en cap cas de les incid\u00e8ncies que puguin sorgir al voltant de les dades personals quan es derivin b\u00e9 d&#8217;un atac o acc\u00e9s no autoritzat als sistemes de manera que sigui impossible de detectar per les mesures de seguretat implantades, b\u00e9 quan es degui a una manca de dilig\u00e8ncia de l&#8217;usuari registrat quant a les gu\u00e0rdies de les gu\u00e0rdies.<\/p><p>Per accedir a la zona privada d&#8217;aquest lloc web \u00e9s necessari haver-se registrat com a usuari, per aix\u00f2 se&#8217;t sol\u00b7licitar\u00e0 informaci\u00f3 b\u00e0sica i necess\u00e0ria per crear el teu perfil a la zona privada. Un cop hagis completat el formulari de registre, podrem verificar la teva identitat per activar el teu perfil. <\/p><p><strong>4.- Seguretat<\/strong><\/p><p>En aquest lloc web utilitzem el protocol HTTPS (SSL) per establir un canal segur de comunicaci\u00f3 entre el servidor i l&#8217;usuari per enviar les vostres dades personals. Prestar aquest servei a trav\u00e9s d&#8217;un servidor segur suposa garantir la confidencialitat de la informaci\u00f3 que s&#8217;intercanvia entre l&#8217;ordinador de l&#8217;usuari i el servidor, ja que entre tots dos s&#8217;estableix una connexi\u00f3 xifrada, utilitzant el protocol SSL, que impossibilita l&#8217;acc\u00e9s de tercers a la informaci\u00f3 enviada. <\/p><p><strong>5.- Responsabilitat<\/strong><\/p><ol><li>a) Generalitats.<\/li><\/ol><p>L&#8217;inter\u00e8s de REAL CLUB ESPORTIU MALLORCA, SAD \u00e9s que aquest lloc web funcioni amb la m\u00e0xima efic\u00e0cia i compleixi la finalitat per a la qual ha estat creat per\u00f2 no es responsabilitza dels eventuals errors tipogr\u00e0fics, formals o num\u00e8rics que pugui contenir el lloc web, ni de l&#8217;exactitud de la informaci\u00f3 continguda en ell.<\/p><p>REIAL CLUB ESPORTIU MALLORCA, SAD no garanteix que el lloc web i el servidor estiguin lliures de virus i no es fa responsable dels danys causats per l&#8217;acc\u00e9s al lloc web o per la impossibilitat d&#8217;accedir-hi.<\/p><p>L&#8217;usuari es compromet a utilitzar lleialment i leg\u00edtimament aquest lloc web i de conformitat amb les lleis i els usos del tr\u00e0nsit; igualment s&#8217;obliga a no dur a terme cap conducta que pugui fer malb\u00e9 la imatge, interessos o drets de REAL CLUB ESPORTIU MALLORCA, SAD o de tercers o que pugui danyar, inutilitzar, sobrecarregar o impedir de qualsevol formar la normal utilitzaci\u00f3 d&#8217;aquest lloc web.<\/p><p>REAL CLUB ESPORTIU MALLORCA, SAD es reserva el dret de modificar els termes i condicions que apareixen en aquest lloc web aix\u00ed com ampliar continguts, informacions, etc, en qualsevol moment i sense av\u00eds previ i, per tant, aconsella la seva consulta amb una periodicitat raonable per si es produeixen canvis en aquests. Vost\u00e8 haur\u00e0 de llegir i els nous avisos legals i condicions d\u00fas del lloc web que es poguessin incorporar. En cas contrari, haur\u00e0 d&#8217;abstenir-se de la seva utilitzaci\u00f3 i acc\u00e9s, declinant tota responsabilitat REAL CLUB ESPORTIU MALLORCA, SAD que es reserva el dret de suspendre i acabar l&#8217;acc\u00e9s als continguts del Lloc Web, aix\u00ed com dels serveis prestats des del mateix.  <\/p><ol><li>b) Links i hiperenlla\u00e7os.<\/li><\/ol><p>Els llocs web propietat de REAL CLUB ESPORTIU MALLORCA, SAD poden facilitar l&#8217;enlla\u00e7 o l&#8217;acc\u00e9s a altres recursos o llocs web de tercers, que considerem que puguin ser del vostre inter\u00e8s o s\u00f3n necessaris per a la prestaci\u00f3 d&#8217;alguns dels serveis dels nostres llocs web, per\u00f2 en cap cas aquests llocs web s\u00f3n controlats per nosaltres.<\/p><p>L&#8217;objectiu d&#8217;aquests enlla\u00e7os pot ser facilitar la cerca dels recursos que us puguin interessar a trav\u00e9s d&#8217;Internet.<\/p><p>No obstant aix\u00f2, aquestes p\u00e0gines no pertanyen a REAL CLUB ESPORTIU MALLORCA, SAD, ni fa una revisi\u00f3 dels seus continguts i, per aix\u00f2, no es pot fer responsable dels mateixos, ni dels serveis si escau prestats, que apareguin i\/o estiguin disponibles en aquests llocs, del funcionament de la p\u00e0gina enlla\u00e7ada, de l&#8217;\u00fas i tractament de les dades que puguin fer, puguin derivar-se de l&#8217;acc\u00e9s o \u00fas de la mateixa, no implicant l&#8217;exist\u00e8ncia de l&#8217;enlla\u00e7 cap relaci\u00f3 entre el REAL CLUB ESPORTIU MALLORCA, SAD i les persones o entitats titulars de tals continguts o dels llocs on es trobin.<\/p><p>Per tant, REAL CLUB ESPORTIU MALLORCA, SAD no assumeix cap tipus de responsabilitat relativa als llocs enlla\u00e7ats, ni respon del seu funcionament, dels continguts i serveis allotjats als mateixos ni dels possibles enlla\u00e7os al seu torn continguts en aquests llocs enlla\u00e7ats.<\/p><p>Recomanem encaridament llegir els corresponents avisos legals i, molt especialment, les pol\u00edtiques de privadesa d&#8217;aquestes p\u00e0gines abans d&#8217;introduir les vostres dades personals i en cas de dubte us recomanem que es posi en contacte directament amb aquests llocs per obtenir m\u00e9s informaci\u00f3 sobre les seves pol\u00edtiques de privadesa.<\/p><p>Si l&#8217;usuari tingu\u00e9s coneixement de qualsevol il\u00b7licitud o inadequaci\u00f3 dels continguts, serveis o qualssevol altres activitats desenvolupades a trav\u00e9s d&#8217;un lloc enlla\u00e7at, ho haur\u00e0 de comunicar immediatament a REAL CLUB ESPORTIU MALLORCA, SAD perqu\u00e8 aquesta, si escau, pugui adoptar les mesures que consideri oportunes.<\/p><p>Queda expressament prohibida tant la presentaci\u00f3 d&#8217;una p\u00e0gina del lloc web \u00abestadimallorcasonmoix.es\u00bb en un altre que no pertanyi a REAL CLUB ESPORTIU MALLORCA, SAD (mitjan\u00e7ant la t\u00e8cnica coneguda com \u201cframing\u201d o qualsevol altra als mateixos o an\u00e0legs efectes), com la inserci\u00f3 de qualsevol tipus de contingut dif\u00f3s a trav\u00e9s d&#8217;estadimal line linking\u201d, o qualsevol altra als mateixos o an\u00e0legs efectes, sense el consentiment expr\u00e9s de REAL CLUB ESPORTIU MALLORCA, SAD<\/p><p>En utilitzar aquest lloc web, considerem que lusuari ha llegit aquest document acuradament i que ha ent\u00e8s i seguit els seus consells. En cas que l&#8217;usuari no estigui d&#8217;acord amb aquesta pol\u00edtica de protecci\u00f3 de dades o amb els consells que a trav\u00e9s d&#8217;aquesta es donen, si us plau no utilitzeu la nostra p\u00e0gina web. <\/p><p><strong>6.- Jurisdicci\u00f3 i compet\u00e8ncia.-<\/strong><\/p><p>En el sup\u00f2sit de conflicte o disputa respecte a la interpretaci\u00f3 de les presents condicions, aix\u00ed com sobre qualsevol extrem relacionat amb els serveis del present Lloc Web, la Jurisdicci\u00f3 i Normativa aplicable ser\u00e0 l&#8217;espanyola, mentre que els Tribunals competents seran els de Palma de Mallorca <strong>.<\/strong><\/p>\t\t\t\t\t\t\t\t<\/div>\n\t\t\t\t<\/div>\n\t\t\t\t\t<\/div>\n\t\t\t\t<\/div>\n\t\t\t\t<\/div>\n\t\t","protected":false},"excerpt":{"rendered":"<p>1.- Informaci\u00f3 general.- En compliment de l&#8217;article 10 de la Llei 34\/2002, d&#8217;11 de juliol, de Serveis de la Societat de la Informaci\u00f3 i Comer\u00e7 Electr\u00f2nic (LSSICE), aquest Lloc Web, \u00e9s titularitat de Reial Club Esportiu Mallorca SAD amb domicili al C\/ Cam\u00ed dels Reis s\/n de Palma de Mallorca, inscrita al Registre Mercantil inscrita [&hellip;]<\/p>\n","protected":false},"author":1,"featured_media":0,"parent":0,"menu_order":0,"comment_status":"closed","ping_status":"closed","template":"elementor_header_footer","meta":{"footnotes":""},"class_list":["post-1339","page","type-page","status-publish","hentry"],"yoast_head":"<!-- This site is optimized with the Yoast SEO Premium plugin v23.6 (Yoast SEO v27.4) - https:\/\/yoast.com\/product\/yoast-seo-premium-wordpress\/ -->\n<title>Av\u00eds legal | RCD Mallorca Sports Clinic<\/title>\n<meta name=\"robots\" content=\"index, follow, max-snippet:-1, max-image-preview:large, max-video-preview:-1\" \/>\n<link rel=\"canonical\" href=\"https:\/\/rcdmallorcasportclinic.com\/ca\/avis-legal\/\" \/>\n<meta property=\"og:locale\" content=\"ca_ES\" \/>\n<meta property=\"og:type\" content=\"article\" \/>\n<meta property=\"og:title\" content=\"Av\u00eds legal\" \/>\n<meta property=\"og:description\" content=\"1.- Informaci\u00f3 general.- En compliment de l&#8217;article 10 de la Llei 34\/2002, d&#8217;11 de juliol, de Serveis de la Societat de la Informaci\u00f3 i Comer\u00e7 Electr\u00f2nic (LSSICE), aquest Lloc Web, \u00e9s titularitat de Reial Club Esportiu Mallorca SAD amb domicili al C\/ Cam\u00ed dels Reis s\/n de Palma de Mallorca, inscrita al Registre Mercantil inscrita [&hellip;]\" \/>\n<meta property=\"og:url\" content=\"https:\/\/rcdmallorcasportclinic.com\/ca\/avis-legal\/\" \/>\n<meta property=\"og:site_name\" content=\"RCD Mallorca Sports Clinic\" \/>\n<meta property=\"article:modified_time\" content=\"2025-03-11T12:47:02+00:00\" \/>\n<meta property=\"og:image\" content=\"https:\/\/rcdmallorcasportclinic.com\/wp-content\/uploads\/2025\/02\/img-share-1.png\" \/>\n\t<meta property=\"og:image:width\" content=\"1201\" \/>\n\t<meta property=\"og:image:height\" content=\"651\" \/>\n\t<meta property=\"og:image:type\" content=\"image\/png\" \/>\n<meta name=\"twitter:card\" content=\"summary_large_image\" \/>\n<meta name=\"twitter:label1\" content=\"Temps estimat de lectura\" \/>\n\t<meta name=\"twitter:data1\" content=\"9 minuts\" \/>\n<script type=\"application\/ld+json\" class=\"yoast-schema-graph\">{\"@context\":\"https:\\\/\\\/schema.org\",\"@graph\":[{\"@type\":\"WebPage\",\"@id\":\"https:\\\/\\\/rcdmallorcasportclinic.com\\\/ca\\\/avis-legal\\\/\",\"url\":\"https:\\\/\\\/rcdmallorcasportclinic.com\\\/ca\\\/avis-legal\\\/\",\"name\":\"Av\u00eds legal | RCD Mallorca Sports Clinic\",\"isPartOf\":{\"@id\":\"https:\\\/\\\/rcdmallorcasportclinic.com\\\/#website\"},\"datePublished\":\"2025-01-29T11:18:13+00:00\",\"dateModified\":\"2025-03-11T12:47:02+00:00\",\"breadcrumb\":{\"@id\":\"https:\\\/\\\/rcdmallorcasportclinic.com\\\/ca\\\/avis-legal\\\/#breadcrumb\"},\"inLanguage\":\"ca\",\"potentialAction\":[{\"@type\":\"ReadAction\",\"target\":[\"https:\\\/\\\/rcdmallorcasportclinic.com\\\/ca\\\/avis-legal\\\/\"]}]},{\"@type\":\"BreadcrumbList\",\"@id\":\"https:\\\/\\\/rcdmallorcasportclinic.com\\\/ca\\\/avis-legal\\\/#breadcrumb\",\"itemListElement\":[{\"@type\":\"ListItem\",\"position\":1,\"name\":\"Home\",\"item\":\"https:\\\/\\\/rcdmallorcasportclinic.com\\\/\"},{\"@type\":\"ListItem\",\"position\":2,\"name\":\"Av\u00eds legal\"}]},{\"@type\":\"WebSite\",\"@id\":\"https:\\\/\\\/rcdmallorcasportclinic.com\\\/#website\",\"url\":\"https:\\\/\\\/rcdmallorcasportclinic.com\\\/\",\"name\":\"RCD Mallorca Sport Clinic\",\"description\":\"\",\"publisher\":{\"@id\":\"https:\\\/\\\/rcdmallorcasportclinic.com\\\/#organization\"},\"alternateName\":\"Sport Clinic\",\"potentialAction\":[{\"@type\":\"SearchAction\",\"target\":{\"@type\":\"EntryPoint\",\"urlTemplate\":\"https:\\\/\\\/rcdmallorcasportclinic.com\\\/?s={search_term_string}\"},\"query-input\":{\"@type\":\"PropertyValueSpecification\",\"valueRequired\":true,\"valueName\":\"search_term_string\"}}],\"inLanguage\":\"ca\"},{\"@type\":\"Organization\",\"@id\":\"https:\\\/\\\/rcdmallorcasportclinic.com\\\/#organization\",\"name\":\"RCD Mallorca Sport Clinic\",\"url\":\"https:\\\/\\\/rcdmallorcasportclinic.com\\\/\",\"logo\":{\"@type\":\"ImageObject\",\"inLanguage\":\"ca\",\"@id\":\"https:\\\/\\\/rcdmallorcasportclinic.com\\\/#\\\/schema\\\/logo\\\/image\\\/\",\"url\":\"https:\\\/\\\/rcdmallorcasportclinic.com\\\/wp-content\\\/uploads\\\/2025\\\/02\\\/logo-completo-trama.png\",\"contentUrl\":\"https:\\\/\\\/rcdmallorcasportclinic.com\\\/wp-content\\\/uploads\\\/2025\\\/02\\\/logo-completo-trama.png\",\"width\":351,\"height\":101,\"caption\":\"RCD Mallorca Sport Clinic\"},\"image\":{\"@id\":\"https:\\\/\\\/rcdmallorcasportclinic.com\\\/#\\\/schema\\\/logo\\\/image\\\/\"}}]}<\/script>\n<!-- \/ Yoast SEO Premium plugin. -->","yoast_head_json":{"title":"Av\u00eds legal | RCD Mallorca Sports Clinic","robots":{"index":"index","follow":"follow","max-snippet":"max-snippet:-1","max-image-preview":"max-image-preview:large","max-video-preview":"max-video-preview:-1"},"canonical":"https:\/\/rcdmallorcasportclinic.com\/ca\/avis-legal\/","og_locale":"ca_ES","og_type":"article","og_title":"Av\u00eds legal","og_description":"1.- Informaci\u00f3 general.- En compliment de l&#8217;article 10 de la Llei 34\/2002, d&#8217;11 de juliol, de Serveis de la Societat de la Informaci\u00f3 i Comer\u00e7 Electr\u00f2nic (LSSICE), aquest Lloc Web, \u00e9s titularitat de Reial Club Esportiu Mallorca SAD amb domicili al C\/ Cam\u00ed dels Reis s\/n de Palma de Mallorca, inscrita al Registre Mercantil inscrita [&hellip;]","og_url":"https:\/\/rcdmallorcasportclinic.com\/ca\/avis-legal\/","og_site_name":"RCD Mallorca Sports Clinic","article_modified_time":"2025-03-11T12:47:02+00:00","og_image":[{"width":1201,"height":651,"url":"https:\/\/rcdmallorcasportclinic.com\/wp-content\/uploads\/2025\/02\/img-share-1.png","type":"image\/png"}],"twitter_card":"summary_large_image","twitter_misc":{"Temps estimat de lectura":"9 minuts"},"schema":{"@context":"https:\/\/schema.org","@graph":[{"@type":"WebPage","@id":"https:\/\/rcdmallorcasportclinic.com\/ca\/avis-legal\/","url":"https:\/\/rcdmallorcasportclinic.com\/ca\/avis-legal\/","name":"Av\u00eds legal | RCD Mallorca Sports Clinic","isPartOf":{"@id":"https:\/\/rcdmallorcasportclinic.com\/#website"},"datePublished":"2025-01-29T11:18:13+00:00","dateModified":"2025-03-11T12:47:02+00:00","breadcrumb":{"@id":"https:\/\/rcdmallorcasportclinic.com\/ca\/avis-legal\/#breadcrumb"},"inLanguage":"ca","potentialAction":[{"@type":"ReadAction","target":["https:\/\/rcdmallorcasportclinic.com\/ca\/avis-legal\/"]}]},{"@type":"BreadcrumbList","@id":"https:\/\/rcdmallorcasportclinic.com\/ca\/avis-legal\/#breadcrumb","itemListElement":[{"@type":"ListItem","position":1,"name":"Home","item":"https:\/\/rcdmallorcasportclinic.com\/"},{"@type":"ListItem","position":2,"name":"Av\u00eds legal"}]},{"@type":"WebSite","@id":"https:\/\/rcdmallorcasportclinic.com\/#website","url":"https:\/\/rcdmallorcasportclinic.com\/","name":"RCD Mallorca Sport Clinic","description":"","publisher":{"@id":"https:\/\/rcdmallorcasportclinic.com\/#organization"},"alternateName":"Sport Clinic","potentialAction":[{"@type":"SearchAction","target":{"@type":"EntryPoint","urlTemplate":"https:\/\/rcdmallorcasportclinic.com\/?s={search_term_string}"},"query-input":{"@type":"PropertyValueSpecification","valueRequired":true,"valueName":"search_term_string"}}],"inLanguage":"ca"},{"@type":"Organization","@id":"https:\/\/rcdmallorcasportclinic.com\/#organization","name":"RCD Mallorca Sport Clinic","url":"https:\/\/rcdmallorcasportclinic.com\/","logo":{"@type":"ImageObject","inLanguage":"ca","@id":"https:\/\/rcdmallorcasportclinic.com\/#\/schema\/logo\/image\/","url":"https:\/\/rcdmallorcasportclinic.com\/wp-content\/uploads\/2025\/02\/logo-completo-trama.png","contentUrl":"https:\/\/rcdmallorcasportclinic.com\/wp-content\/uploads\/2025\/02\/logo-completo-trama.png","width":351,"height":101,"caption":"RCD Mallorca Sport Clinic"},"image":{"@id":"https:\/\/rcdmallorcasportclinic.com\/#\/schema\/logo\/image\/"}}]}},"_links":{"self":[{"href":"https:\/\/rcdmallorcasportclinic.com\/ca\/wp-json\/wp\/v2\/pages\/1339","targetHints":{"allow":["GET"]}}],"collection":[{"href":"https:\/\/rcdmallorcasportclinic.com\/ca\/wp-json\/wp\/v2\/pages"}],"about":[{"href":"https:\/\/rcdmallorcasportclinic.com\/ca\/wp-json\/wp\/v2\/types\/page"}],"author":[{"embeddable":true,"href":"https:\/\/rcdmallorcasportclinic.com\/ca\/wp-json\/wp\/v2\/users\/1"}],"replies":[{"embeddable":true,"href":"https:\/\/rcdmallorcasportclinic.com\/ca\/wp-json\/wp\/v2\/comments?post=1339"}],"version-history":[{"count":1,"href":"https:\/\/rcdmallorcasportclinic.com\/ca\/wp-json\/wp\/v2\/pages\/1339\/revisions"}],"predecessor-version":[{"id":1340,"href":"https:\/\/rcdmallorcasportclinic.com\/ca\/wp-json\/wp\/v2\/pages\/1339\/revisions\/1340"}],"wp:attachment":[{"href":"https:\/\/rcdmallorcasportclinic.com\/ca\/wp-json\/wp\/v2\/media?parent=1339"}],"curies":[{"name":"wp","href":"https:\/\/api.w.org\/{rel}","templated":true}]}}