{"id":1344,"date":"2025-01-29T11:18:33","date_gmt":"2025-01-29T11:18:33","guid":{"rendered":"https:\/\/rcdmallorcasportclinic.com\/politica-de-cookies\/"},"modified":"2025-03-11T12:47:02","modified_gmt":"2025-03-11T12:47:02","slug":"politica-de-cookies","status":"publish","type":"page","link":"https:\/\/rcdmallorcasportclinic.com\/ca\/politica-de-cookies\/","title":{"rendered":"Pol\u00edtica de cookies"},"content":{"rendered":"\t\t<div data-elementor-type=\"wp-page\" data-elementor-id=\"1344\" class=\"elementor elementor-1344 elementor-17\" data-elementor-post-type=\"page\">\n\t\t\t\t<div class=\"elementor-element elementor-element-a3289cb e-flex e-con-boxed e-con e-parent\" data-id=\"a3289cb\" data-element_type=\"container\" data-e-type=\"container\" data-settings=\"{&quot;jet_parallax_layout_list&quot;:[]}\">\n\t\t\t\t\t<div class=\"e-con-inner\">\n\t\t\t\t<div class=\"elementor-element elementor-element-1776320 elementor-widget elementor-widget-text-editor\" data-id=\"1776320\" data-element_type=\"widget\" data-e-type=\"widget\" data-widget_type=\"text-editor.default\">\n\t\t\t\t<div class=\"elementor-widget-container\">\n\t\t\t\t\t\t\t\t\t<div class=\"sc-15276ccc-5 fGCCno MkGrids__module MkGrids__module--text\"><section class=\"sc-42b0d561-0 iwppwq MkRickText sc-d16ba8f3-0 lphYaF MkModuleText\"><p>Les galetes s\u00f3n petits fitxers de text que s&#8217;emmagatzemen a l&#8217;ordinador de l&#8217;usuari quan visiteu llocs web. La utilitzaci\u00f3 \u00e9s molt \u00fatil perqu\u00e8 aquests llocs funcionin d&#8217;una manera m\u00e9s eficient: per exemple, si un usuari selecciona el vostre idioma preferit a l&#8217;home, el lloc web recordar\u00e0 aquesta prefer\u00e8ncia i l&#8217;usuari podr\u00e0 continuar navegant pel lloc web en l&#8217;idioma escollit. <\/p><p>Les galetes es poden dividir entre \u00abcookie d&#8217;origen\u00bb i \u00abcookie de tercers\u00bb:<\/p><p>\u201ccookie d&#8217;origen\u201d: creada pel responsable del tractament de dades que opera el Lloc Web, en aquest cas RCD MALLORCA com a titular del lloc web \u201cestadimallorcasonmoix.es\u201d cookie de tercers\u201d: creada per responsables del tractament de dades que no operen el lloc web visitat per l&#8217;usuari, \u00e9s a dir, terceres empreses alienes a RCD MALL.<\/p><p> <\/p><p>El Lloc Web de RCD MALLORCA utilitza les galetes seg\u00fcents:<\/p><\/section><\/div><div class=\"sc-15276ccc-5 fGCCno MkGrids__module MkGrids__module--script\"><section class=\"sc-7d134556-0 kcuxM MkModuleScript__root\"><div class=\"sc-7d134556-1 hghlmI MkModuleScript\"><table class=\"table_responsive tabla_pagina table-bordered\"><tbody><tr><th><p>Cookie<\/p><\/th><th><p>Finalitat<\/p><\/th><th><p>Durada de la galeta<\/p><\/th><\/tr><tr><td><p>De sessi\u00f3<br> (cookie d&#8217;origen)<\/p><\/td><td><p>S&#8217;utilitza per identificar els usuaris registrats a www.rcdmallorca.es.<\/p><\/td><td><p>Expira en finalitzar la sessi\u00f3.<\/p><\/td><\/tr><tr><td><p>Google Analytics<br> (cookie de tercers)<\/p><\/td><td><p>An\u00e0lisi de perfils dusuari, mesurament de dades de tr\u00e0nsit.<\/p><\/td><td><p>Google controla el temps d&#8217;expiraci\u00f3 d&#8217;aquestes galetes. Normalment solen expirar un mes despr\u00e9s. <\/p><\/td><\/tr><\/tbody><\/table><\/div><div id=\"script-1730905883853\"> <\/div><\/section><\/div><div class=\"sc-15276ccc-5 fGCCno MkGrids__module MkGrids__module--text\"><section class=\"sc-42b0d561-0 iwppwq MkRickText sc-d16ba8f3-0 lphYaF MkModuleText\"><p>RCD MALLORCA ent\u00e9n que mitjan\u00e7ant la navegaci\u00f3 de l&#8217;usuari a trav\u00e9s del Lloc Web ha estat informat i consent la instal\u00b7laci\u00f3 de les anteriors galetes al seu ordinador.<\/p><p>De tota manera, l&#8217;usuari sempre podr\u00e0 personalitzar l&#8217;\u00fas de galetes, aix\u00ed com impedir la recopilaci\u00f3 de galetes modificant les opcions del navegador del propi usuari, entre els m\u00e9s comuns:<\/p><p> <\/p><p>1- Mozilla Firefox: Opcions\\Privadesa\\Rastreig\\dir als llocs web que no vull ser rastrejat.<\/p><p>2- Google Chrome: Men\u00fa de Chrome\\Configuraci\u00f3\\Mostrar opcions avan\u00e7ades\\Privadesa\\Configuraci\u00f3 del contingut\\Cookies\\bloquejar cookies per defecte<\/p><p>3- Safari: Prefer\u00e8ncies\\ Privacitat\\Bloquejar Cookies<\/p><p>4- Internet Explorer: Eines\\Opcions d&#8217;Internet\\Privacitat\\Configuraci\u00f3\\ moveu el control lliscant totalment cap amunt per bloquejar totes les galetes o totalment cap avall per permetre totes les galetes i, a continuaci\u00f3, feu clic a D&#8217;acord.<\/p><p>En bloquejar completament les galetes, pot impedir que certs llocs web es mostrin correctament.<\/p><\/section><\/div>\t\t\t\t\t\t\t\t<\/div>\n\t\t\t\t<\/div>\n\t\t\t\t\t<\/div>\n\t\t\t\t<\/div>\n\t\t\t\t<\/div>\n\t\t","protected":false},"excerpt":{"rendered":"<p>Les galetes s\u00f3n petits fitxers de text que s&#8217;emmagatzemen a l&#8217;ordinador de l&#8217;usuari quan visiteu llocs web. La utilitzaci\u00f3 \u00e9s molt \u00fatil perqu\u00e8 aquests llocs funcionin d&#8217;una manera m\u00e9s eficient: per exemple, si un usuari selecciona el vostre idioma preferit a l&#8217;home, el lloc web recordar\u00e0 aquesta prefer\u00e8ncia i l&#8217;usuari podr\u00e0 continuar navegant pel lloc [&hellip;]<\/p>\n","protected":false},"author":1,"featured_media":0,"parent":0,"menu_order":0,"comment_status":"closed","ping_status":"closed","template":"elementor_header_footer","meta":{"footnotes":""},"class_list":["post-1344","page","type-page","status-publish","hentry"],"yoast_head":"<!-- This site is optimized with the Yoast SEO Premium plugin v23.6 (Yoast SEO v27.4) - https:\/\/yoast.com\/product\/yoast-seo-premium-wordpress\/ -->\n<title>Pol\u00edtica de cookies | RCD Mallorca Sports Clinic<\/title>\n<meta name=\"robots\" content=\"index, follow, max-snippet:-1, max-image-preview:large, max-video-preview:-1\" \/>\n<link rel=\"canonical\" href=\"https:\/\/rcdmallorcasportclinic.com\/ca\/politica-de-cookies\/\" \/>\n<meta property=\"og:locale\" content=\"ca_ES\" \/>\n<meta property=\"og:type\" content=\"article\" \/>\n<meta property=\"og:title\" content=\"Pol\u00edtica de cookies\" \/>\n<meta property=\"og:description\" content=\"Les galetes s\u00f3n petits fitxers de text que s&#8217;emmagatzemen a l&#8217;ordinador de l&#8217;usuari quan visiteu llocs web. La utilitzaci\u00f3 \u00e9s molt \u00fatil perqu\u00e8 aquests llocs funcionin d&#8217;una manera m\u00e9s eficient: per exemple, si un usuari selecciona el vostre idioma preferit a l&#8217;home, el lloc web recordar\u00e0 aquesta prefer\u00e8ncia i l&#8217;usuari podr\u00e0 continuar navegant pel lloc [&hellip;]\" \/>\n<meta property=\"og:url\" content=\"https:\/\/rcdmallorcasportclinic.com\/ca\/politica-de-cookies\/\" \/>\n<meta property=\"og:site_name\" content=\"RCD Mallorca Sports Clinic\" \/>\n<meta property=\"article:modified_time\" content=\"2025-03-11T12:47:02+00:00\" \/>\n<meta property=\"og:image\" content=\"https:\/\/rcdmallorcasportclinic.com\/wp-content\/uploads\/2025\/02\/img-share-1.png\" \/>\n\t<meta property=\"og:image:width\" content=\"1201\" \/>\n\t<meta property=\"og:image:height\" content=\"651\" \/>\n\t<meta property=\"og:image:type\" content=\"image\/png\" \/>\n<meta name=\"twitter:card\" content=\"summary_large_image\" \/>\n<meta name=\"twitter:label1\" content=\"Temps estimat de lectura\" \/>\n\t<meta name=\"twitter:data1\" content=\"2 minuts\" \/>\n<script type=\"application\/ld+json\" class=\"yoast-schema-graph\">{\"@context\":\"https:\\\/\\\/schema.org\",\"@graph\":[{\"@type\":\"WebPage\",\"@id\":\"https:\\\/\\\/rcdmallorcasportclinic.com\\\/ca\\\/politica-de-cookies\\\/\",\"url\":\"https:\\\/\\\/rcdmallorcasportclinic.com\\\/ca\\\/politica-de-cookies\\\/\",\"name\":\"Pol\u00edtica de cookies | RCD Mallorca Sports Clinic\",\"isPartOf\":{\"@id\":\"https:\\\/\\\/rcdmallorcasportclinic.com\\\/#website\"},\"datePublished\":\"2025-01-29T11:18:33+00:00\",\"dateModified\":\"2025-03-11T12:47:02+00:00\",\"breadcrumb\":{\"@id\":\"https:\\\/\\\/rcdmallorcasportclinic.com\\\/ca\\\/politica-de-cookies\\\/#breadcrumb\"},\"inLanguage\":\"ca\",\"potentialAction\":[{\"@type\":\"ReadAction\",\"target\":[\"https:\\\/\\\/rcdmallorcasportclinic.com\\\/ca\\\/politica-de-cookies\\\/\"]}]},{\"@type\":\"BreadcrumbList\",\"@id\":\"https:\\\/\\\/rcdmallorcasportclinic.com\\\/ca\\\/politica-de-cookies\\\/#breadcrumb\",\"itemListElement\":[{\"@type\":\"ListItem\",\"position\":1,\"name\":\"Home\",\"item\":\"https:\\\/\\\/rcdmallorcasportclinic.com\\\/\"},{\"@type\":\"ListItem\",\"position\":2,\"name\":\"Pol\u00edtica de cookies\"}]},{\"@type\":\"WebSite\",\"@id\":\"https:\\\/\\\/rcdmallorcasportclinic.com\\\/#website\",\"url\":\"https:\\\/\\\/rcdmallorcasportclinic.com\\\/\",\"name\":\"RCD Mallorca Sport Clinic\",\"description\":\"\",\"publisher\":{\"@id\":\"https:\\\/\\\/rcdmallorcasportclinic.com\\\/#organization\"},\"alternateName\":\"Sport Clinic\",\"potentialAction\":[{\"@type\":\"SearchAction\",\"target\":{\"@type\":\"EntryPoint\",\"urlTemplate\":\"https:\\\/\\\/rcdmallorcasportclinic.com\\\/?s={search_term_string}\"},\"query-input\":{\"@type\":\"PropertyValueSpecification\",\"valueRequired\":true,\"valueName\":\"search_term_string\"}}],\"inLanguage\":\"ca\"},{\"@type\":\"Organization\",\"@id\":\"https:\\\/\\\/rcdmallorcasportclinic.com\\\/#organization\",\"name\":\"RCD Mallorca Sport Clinic\",\"url\":\"https:\\\/\\\/rcdmallorcasportclinic.com\\\/\",\"logo\":{\"@type\":\"ImageObject\",\"inLanguage\":\"ca\",\"@id\":\"https:\\\/\\\/rcdmallorcasportclinic.com\\\/#\\\/schema\\\/logo\\\/image\\\/\",\"url\":\"https:\\\/\\\/rcdmallorcasportclinic.com\\\/wp-content\\\/uploads\\\/2025\\\/02\\\/logo-completo-trama.png\",\"contentUrl\":\"https:\\\/\\\/rcdmallorcasportclinic.com\\\/wp-content\\\/uploads\\\/2025\\\/02\\\/logo-completo-trama.png\",\"width\":351,\"height\":101,\"caption\":\"RCD Mallorca Sport Clinic\"},\"image\":{\"@id\":\"https:\\\/\\\/rcdmallorcasportclinic.com\\\/#\\\/schema\\\/logo\\\/image\\\/\"}}]}<\/script>\n<!-- \/ Yoast SEO Premium plugin. -->","yoast_head_json":{"title":"Pol\u00edtica de cookies | RCD Mallorca Sports Clinic","robots":{"index":"index","follow":"follow","max-snippet":"max-snippet:-1","max-image-preview":"max-image-preview:large","max-video-preview":"max-video-preview:-1"},"canonical":"https:\/\/rcdmallorcasportclinic.com\/ca\/politica-de-cookies\/","og_locale":"ca_ES","og_type":"article","og_title":"Pol\u00edtica de cookies","og_description":"Les galetes s\u00f3n petits fitxers de text que s&#8217;emmagatzemen a l&#8217;ordinador de l&#8217;usuari quan visiteu llocs web. La utilitzaci\u00f3 \u00e9s molt \u00fatil perqu\u00e8 aquests llocs funcionin d&#8217;una manera m\u00e9s eficient: per exemple, si un usuari selecciona el vostre idioma preferit a l&#8217;home, el lloc web recordar\u00e0 aquesta prefer\u00e8ncia i l&#8217;usuari podr\u00e0 continuar navegant pel lloc [&hellip;]","og_url":"https:\/\/rcdmallorcasportclinic.com\/ca\/politica-de-cookies\/","og_site_name":"RCD Mallorca Sports Clinic","article_modified_time":"2025-03-11T12:47:02+00:00","og_image":[{"width":1201,"height":651,"url":"https:\/\/rcdmallorcasportclinic.com\/wp-content\/uploads\/2025\/02\/img-share-1.png","type":"image\/png"}],"twitter_card":"summary_large_image","twitter_misc":{"Temps estimat de lectura":"2 minuts"},"schema":{"@context":"https:\/\/schema.org","@graph":[{"@type":"WebPage","@id":"https:\/\/rcdmallorcasportclinic.com\/ca\/politica-de-cookies\/","url":"https:\/\/rcdmallorcasportclinic.com\/ca\/politica-de-cookies\/","name":"Pol\u00edtica de cookies | RCD Mallorca Sports Clinic","isPartOf":{"@id":"https:\/\/rcdmallorcasportclinic.com\/#website"},"datePublished":"2025-01-29T11:18:33+00:00","dateModified":"2025-03-11T12:47:02+00:00","breadcrumb":{"@id":"https:\/\/rcdmallorcasportclinic.com\/ca\/politica-de-cookies\/#breadcrumb"},"inLanguage":"ca","potentialAction":[{"@type":"ReadAction","target":["https:\/\/rcdmallorcasportclinic.com\/ca\/politica-de-cookies\/"]}]},{"@type":"BreadcrumbList","@id":"https:\/\/rcdmallorcasportclinic.com\/ca\/politica-de-cookies\/#breadcrumb","itemListElement":[{"@type":"ListItem","position":1,"name":"Home","item":"https:\/\/rcdmallorcasportclinic.com\/"},{"@type":"ListItem","position":2,"name":"Pol\u00edtica de cookies"}]},{"@type":"WebSite","@id":"https:\/\/rcdmallorcasportclinic.com\/#website","url":"https:\/\/rcdmallorcasportclinic.com\/","name":"RCD Mallorca Sport Clinic","description":"","publisher":{"@id":"https:\/\/rcdmallorcasportclinic.com\/#organization"},"alternateName":"Sport Clinic","potentialAction":[{"@type":"SearchAction","target":{"@type":"EntryPoint","urlTemplate":"https:\/\/rcdmallorcasportclinic.com\/?s={search_term_string}"},"query-input":{"@type":"PropertyValueSpecification","valueRequired":true,"valueName":"search_term_string"}}],"inLanguage":"ca"},{"@type":"Organization","@id":"https:\/\/rcdmallorcasportclinic.com\/#organization","name":"RCD Mallorca Sport Clinic","url":"https:\/\/rcdmallorcasportclinic.com\/","logo":{"@type":"ImageObject","inLanguage":"ca","@id":"https:\/\/rcdmallorcasportclinic.com\/#\/schema\/logo\/image\/","url":"https:\/\/rcdmallorcasportclinic.com\/wp-content\/uploads\/2025\/02\/logo-completo-trama.png","contentUrl":"https:\/\/rcdmallorcasportclinic.com\/wp-content\/uploads\/2025\/02\/logo-completo-trama.png","width":351,"height":101,"caption":"RCD Mallorca Sport Clinic"},"image":{"@id":"https:\/\/rcdmallorcasportclinic.com\/#\/schema\/logo\/image\/"}}]}},"_links":{"self":[{"href":"https:\/\/rcdmallorcasportclinic.com\/ca\/wp-json\/wp\/v2\/pages\/1344","targetHints":{"allow":["GET"]}}],"collection":[{"href":"https:\/\/rcdmallorcasportclinic.com\/ca\/wp-json\/wp\/v2\/pages"}],"about":[{"href":"https:\/\/rcdmallorcasportclinic.com\/ca\/wp-json\/wp\/v2\/types\/page"}],"author":[{"embeddable":true,"href":"https:\/\/rcdmallorcasportclinic.com\/ca\/wp-json\/wp\/v2\/users\/1"}],"replies":[{"embeddable":true,"href":"https:\/\/rcdmallorcasportclinic.com\/ca\/wp-json\/wp\/v2\/comments?post=1344"}],"version-history":[{"count":1,"href":"https:\/\/rcdmallorcasportclinic.com\/ca\/wp-json\/wp\/v2\/pages\/1344\/revisions"}],"predecessor-version":[{"id":1346,"href":"https:\/\/rcdmallorcasportclinic.com\/ca\/wp-json\/wp\/v2\/pages\/1344\/revisions\/1346"}],"wp:attachment":[{"href":"https:\/\/rcdmallorcasportclinic.com\/ca\/wp-json\/wp\/v2\/media?parent=1344"}],"curies":[{"name":"wp","href":"https:\/\/api.w.org\/{rel}","templated":true}]}}